{"id":9,"date":"2014-11-11T17:28:45","date_gmt":"2014-11-11T17:28:45","guid":{"rendered":"http:\/\/muehle-schweindorf.holtriem-news.de\/?page_id=9"},"modified":"2022-08-15T20:13:10","modified_gmt":"2022-08-15T18:13:10","slug":"wir-ueber-uns","status":"publish","type":"page","link":"https:\/\/muehle-schweindorf.holtriem-news.de\/?page_id=9","title":{"rendered":"Wir \u00fcber uns"},"content":{"rendered":"<p><a href=\"http:\/\/muehle-schweindorf.holtriem-news.de\/wp-content\/uploads\/2014\/11\/stumpf.jpg\"><img loading=\"lazy\" decoding=\"async\" class=\"alignleft wp-image-98 size-full\" src=\"http:\/\/muehle-schweindorf.holtriem-news.de\/wp-content\/uploads\/2014\/11\/stumpf.jpg\" alt=\"stumpf\" width=\"175\" height=\"269\" srcset=\"https:\/\/muehle-schweindorf.holtriem-news.de\/wp-content\/uploads\/2014\/11\/stumpf.jpg 175w, https:\/\/muehle-schweindorf.holtriem-news.de\/wp-content\/uploads\/2014\/11\/stumpf-97x150.jpg 97w\" sizes=\"(max-width: 175px) 100vw, 175px\" \/><\/a>Am 01.Februar 1992 kauften die Br\u00fcder Torsten und Gundolf Scheweling zusammen mit Frau Gisela Becker aus Marburg den bis zu dem Zeitpunkt erheblich verfallenden M\u00fchlentorso der Klaashenschen M\u00fchle in Schweindorf.<\/p>\n<p>Gleichzeitig wurde bei den Bewohnern im Dorf der Wunsch nach Erhalt der angestammten M\u00fchle laut. Es fanden sich immer mehr Interessierte zusammen, so dass am 18. Juni 1992 der M\u00fchlenverein Schweindorf e. V. gegr\u00fcndet wurde.<\/p>\n<p>Dieser M\u00fchlenverein verfolgt satzungsgem\u00e4\u00df ausschlie\u00dflich und unmittelbar gemeinn\u00fctzige Zwecke.<\/p>\n<p>Der M\u00fchlenverein ging zusammen mit den Eigent\u00fcmern der M\u00fchle eine Partnerschaft ein, die es zum Ziel hat, die alte M\u00fchle wieder aufzubauen und sie als kulturhistorisches Baudenkmal zu erhalten und zu unterhalten. Die Klaashensche M\u00fchle ist als Baudenkmal anerkannt. Der Verein f\u00f6rdert daher unmittelbar die Denkmalspflege. Mittlerweile geh\u00f6ren 150 Mitglieder dem Verein an.<\/p>\n<p>Nach der Gr\u00fcndung unseres M\u00fchlenvereins \u00fcbernahm die Journalistin Wiebke Bruns den Vorsitz im Verein. Zweiter Vorsitzender wurde der Schweindorfer Erhard Pfeifer. Durch eine berufliche Ver\u00e4nderung musste Wiebke Bruns den Vorsitz allerdings im Fr\u00fchjahr 1997 niederlegen. Zum neuen Vereinsvorsitzenden wurde der Schweindorfer Lehrer Holger Rathmann gew\u00e4hlt.<\/p>\n<p><a href=\"http:\/\/muehle-schweindorf.holtriem-news.de\/wp-content\/uploads\/2014\/11\/fest02_5.jpg\"><img loading=\"lazy\" decoding=\"async\" class=\"alignleft wp-image-99\" src=\"http:\/\/muehle-schweindorf.holtriem-news.de\/wp-content\/uploads\/2014\/11\/fest02_5.jpg\" alt=\"fest02_5\" width=\"250\" height=\"231\" srcset=\"https:\/\/muehle-schweindorf.holtriem-news.de\/wp-content\/uploads\/2014\/11\/fest02_5.jpg 300w, https:\/\/muehle-schweindorf.holtriem-news.de\/wp-content\/uploads\/2014\/11\/fest02_5-162x150.jpg 162w, https:\/\/muehle-schweindorf.holtriem-news.de\/wp-content\/uploads\/2014\/11\/fest02_5-150x138.jpg 150w\" sizes=\"(max-width: 250px) 100vw, 250px\" \/><\/a>W\u00e4hrend des M\u00fchlenfestes am 11. August 2002 schenkte die Miteigent\u00fcmerin der M\u00fchle, Frau Giesela Becker, ihren halben Anteil an der M\u00fchle dem M\u00fchlenverein, der damit neben den o. g. Eigent\u00fcmern Scheweling auch Miteigner der Klaashenschen M\u00fchle ist.<\/p>\n<p>M\u00f6chten Sie weitere Informationen \u00fcber unseren Verein, oder sollten Sie Interesse an einer Mitgliedschaft in unserem Verein haben?<\/p>\n<p>Schreiben Sie eine E-Mail an unseren Vorsitzenden, Erhard Pfeifer <a href=\"weissnichtle@arcor.de\">Klick&#8230;<\/a><\/p>\n","protected":false},"excerpt":{"rendered":"<p>Am 01.Februar 1992 kauften die Br\u00fcder Torsten und Gundolf Scheweling zusammen mit Frau Gisela Becker aus Marburg den bis zu dem Zeitpunkt erheblich verfallenden M\u00fchlentorso der Klaashenschen M\u00fchle in Schweindorf.\u2026<\/p>\n<p> <a class=\"continue-reading-link\" href=\"https:\/\/muehle-schweindorf.holtriem-news.de\/?page_id=9\"><span>Weiterlesen<\/span><i class=\"crycon-right-dir\"><\/i><\/a> <\/p>\n","protected":false},"author":1,"featured_media":0,"parent":0,"menu_order":0,"comment_status":"open","ping_status":"open","template":"","meta":{"footnotes":""},"_links":{"self":[{"href":"https:\/\/muehle-schweindorf.holtriem-news.de\/index.php?rest_route=\/wp\/v2\/pages\/9"}],"collection":[{"href":"https:\/\/muehle-schweindorf.holtriem-news.de\/index.php?rest_route=\/wp\/v2\/pages"}],"about":[{"href":"https:\/\/muehle-schweindorf.holtriem-news.de\/index.php?rest_route=\/wp\/v2\/types\/page"}],"author":[{"embeddable":true,"href":"https:\/\/muehle-schweindorf.holtriem-news.de\/index.php?rest_route=\/wp\/v2\/users\/1"}],"replies":[{"embeddable":true,"href":"https:\/\/muehle-schweindorf.holtriem-news.de\/index.php?rest_route=%2Fwp%2Fv2%2Fcomments&post=9"}],"version-history":[{"count":5,"href":"https:\/\/muehle-schweindorf.holtriem-news.de\/index.php?rest_route=\/wp\/v2\/pages\/9\/revisions"}],"predecessor-version":[{"id":860,"href":"https:\/\/muehle-schweindorf.holtriem-news.de\/index.php?rest_route=\/wp\/v2\/pages\/9\/revisions\/860"}],"wp:attachment":[{"href":"https:\/\/muehle-schweindorf.holtriem-news.de\/index.php?rest_route=%2Fwp%2Fv2%2Fmedia&parent=9"}],"curies":[{"name":"wp","href":"https:\/\/api.w.org\/{rel}","templated":true}]}}