{"id":747,"date":"2019-04-15T08:30:05","date_gmt":"2019-04-15T06:30:05","guid":{"rendered":"http:\/\/muehle-schweindorf.holtriem-news.de\/?page_id=747"},"modified":"2026-03-10T11:10:32","modified_gmt":"2026-03-10T10:10:32","slug":"datenschutzverordnung","status":"publish","type":"page","link":"https:\/\/muehle-schweindorf.holtriem-news.de\/?page_id=747","title":{"rendered":"Datenschutzverordnung"},"content":{"rendered":"<h1>Information bei Erhebung von personenbezogenen Daten<br \/>\ngem\u00e4\u00df Art. 13 DS-GVO<\/h1>\n<p><strong>1.\u00a0\u00a0\u00a0\u00a0Name und Kontaktdaten des Verantwortlichen sowie gegebenenfalls seines Vertreters<\/strong><\/p>\n<p>Verantwortlicher im Sinne des Art. 13 Abs. 1 lit. a) DS-GVO ist der\u00a0M\u00fchlenverein Schweindorf e.V.<\/p>\n<ul>\n<li>Vorstand: Erhard Pfeifer<br \/>\nStra\u00dfe: M\u00fchlenblick 4<br \/>\nPLZ, Ort: 26556 Schweindorf<br \/>\nTel.: 04975\/8303<\/li>\n<\/ul>\n<p><strong>2.\u00a0\u00a0\u00a0\u00a0Zwecke und Rechtsgrundlage der Verarbeitung<\/strong><\/p>\n<p>Art. 6 Abs. 1 S. 1 lit. a) DS-GVO: Einwilligung der betroffenen Person<br \/>\nArt. 6 Abs. 1 S. 1 lit. b) DS-GVO: bei Datenverarbeitungen zur Erf\u00fcllung des Mitgliedsvertrags\/ Satzung<br \/>\nArt. 6 Abs. 1 S. 1 lit. f) DS-GVO: bei Datenverarbeitungen zur Wahrung berechtigter Interessen des Vereins<\/p>\n<p>Der M\u00fchlenverein verarbeitet folgende personenbezogene Daten:<\/p>\n<ul>\n<li>Zum Zwecke der Mitgliederverwaltung werden der Name, Vorname, Geburtsdatum, Adresse, email-Adresse, Beruf, Telefonnummer gespeichert.<br \/>\nDie Rechtsgrundlage hierf\u00fcr ist Art. 6 Abs. 1 S. 1 lit. b) DS-GVO.<\/li>\n<li>Zum Zwecke der Beitragsverwaltung wird die Bankverbindung verarbeitet Die Rechtsgrundlage hierf\u00fcr ist Art. 6 Abs. 1 S. 1 lit. b) DS-GVO.<\/li>\n<li>Zum Zwecke der Au\u00dfendarstellung werden Fotos der Mitglieder\/ G\u00e4ste von Veranstaltungen auf der Vereinswebseite &#8222;www.muehle-schweindorf.de&#8220;\u00a0ver\u00f6ffentlicht.<br \/>\nDie Rechtsgrundlage hierf\u00fcr ist Art. 6 Abs. 1 S. 1 lit. a) DS-GVO.<\/li>\n<\/ul>\n<p><strong>3.\u00a0\u00a0\u00a0\u00a0Empf\u00e4nger der personenbezogenen Daten<\/strong><\/p>\n<p>Mitgliedern mit besonderen Aufgaben (z.B. Vorstandsmitglieder) wird zus\u00e4tzlich die Bezeichnung ihrer Funktion im Verein \u00fcbermittelt.<\/p>\n<p><strong>4.\u00a0\u00a0\u00a0\u00a0Speicherdauer<\/strong><\/p>\n<p>Die f\u00fcr die Mitgliederverwaltung notwendigen Daten werden 5 Jahre nach Beendigung der Mitgliedschaft gel\u00f6scht. Daten, die aus Vereins-\/ Verbandshistorischen zwecken von Interesse sind bleiben archiviert, soweit nicht ein rechtlich verbindlicher konkreter Widerspruch erfolgt.<br \/>\nDie IP-Adressen, die beim Besuch der Vereinswebseite gespeichert werden, werden entsprechend den gesetzlichen Grundlagen gel\u00f6scht.<\/p>\n<p><strong>5.\u00a0\u00a0\u00a0\u00a0Betroffenenrechte<\/strong><\/p>\n<p>Dem Vereinsmitglied steht ein Recht auf Auskunft (Art. 15 DS-GVO) sowie ein Recht auf Berichtigung (Art. 16 DS-GVO) oder L\u00f6schung (Art. 17 DS-GVO) oder auf Einschr\u00e4nkung der Verarbeitung<br \/>\n(Art. 18 DS-GVO) oder ein Recht auf Widerspruch gegen die Verarbeitung (Art. 21 DS-GVO) sowie<br \/>\nein Recht auf Daten\u00fcbertragbarkeit (Art. 20 DS-GVO) zu.<br \/>\nDas Vereinsmitglied hat das Recht, seine datenschutzrechtliche Einwilligungserkl\u00e4rung jederzeit zu<br \/>\nwiderrufen. Durch den Widerruf der Einwilligung wird die Rechtm\u00e4\u00dfigkeit der aufgrund der Einwilligung bis zum Widerruf erfolgten Verarbeitung nicht ber\u00fchrt.<br \/>\nDem Vereinsmitglied steht ferner ein Beschwerderecht bei einer Datenschutz-Aufsichtsbeh\u00f6rde zu.<\/p>\n","protected":false},"excerpt":{"rendered":"<p>Information bei Erhebung von personenbezogenen Daten gem\u00e4\u00df Art. 13 DS-GVO 1.\u00a0\u00a0\u00a0\u00a0Name und Kontaktdaten des Verantwortlichen sowie gegebenenfalls seines Vertreters Verantwortlicher im Sinne des Art. 13 Abs. 1 lit. a) DS-GVO\u2026<\/p>\n<p> <a class=\"continue-reading-link\" href=\"https:\/\/muehle-schweindorf.holtriem-news.de\/?page_id=747\"><span>Weiterlesen<\/span><i class=\"crycon-right-dir\"><\/i><\/a> <\/p>\n","protected":false},"author":1,"featured_media":0,"parent":9,"menu_order":0,"comment_status":"closed","ping_status":"closed","template":"","meta":{"footnotes":""},"_links":{"self":[{"href":"https:\/\/muehle-schweindorf.holtriem-news.de\/index.php?rest_route=\/wp\/v2\/pages\/747"}],"collection":[{"href":"https:\/\/muehle-schweindorf.holtriem-news.de\/index.php?rest_route=\/wp\/v2\/pages"}],"about":[{"href":"https:\/\/muehle-schweindorf.holtriem-news.de\/index.php?rest_route=\/wp\/v2\/types\/page"}],"author":[{"embeddable":true,"href":"https:\/\/muehle-schweindorf.holtriem-news.de\/index.php?rest_route=\/wp\/v2\/users\/1"}],"replies":[{"embeddable":true,"href":"https:\/\/muehle-schweindorf.holtriem-news.de\/index.php?rest_route=%2Fwp%2Fv2%2Fcomments&post=747"}],"version-history":[{"count":2,"href":"https:\/\/muehle-schweindorf.holtriem-news.de\/index.php?rest_route=\/wp\/v2\/pages\/747\/revisions"}],"predecessor-version":[{"id":1070,"href":"https:\/\/muehle-schweindorf.holtriem-news.de\/index.php?rest_route=\/wp\/v2\/pages\/747\/revisions\/1070"}],"up":[{"embeddable":true,"href":"https:\/\/muehle-schweindorf.holtriem-news.de\/index.php?rest_route=\/wp\/v2\/pages\/9"}],"wp:attachment":[{"href":"https:\/\/muehle-schweindorf.holtriem-news.de\/index.php?rest_route=%2Fwp%2Fv2%2Fmedia&parent=747"}],"curies":[{"name":"wp","href":"https:\/\/api.w.org\/{rel}","templated":true}]}}