{"id":457,"date":"2014-12-04T17:56:15","date_gmt":"2014-12-04T16:56:15","guid":{"rendered":"http:\/\/muehle-schweindorf.holtriem-news.de\/?page_id=457"},"modified":"2026-03-10T11:11:31","modified_gmt":"2026-03-10T10:11:31","slug":"kontakt","status":"publish","type":"page","link":"https:\/\/muehle-schweindorf.holtriem-news.de\/?page_id=457","title":{"rendered":"Kontakt"},"content":{"rendered":"\n<p>Den Vorsitz im M\u00fchlenverein Schweindorf haben:<\/p>\n\n\n\n<p>Herr<br>Erhard Pfeifer<br>M\u00fchlenblick 4<br>26556 Schweindorf<br><a href=\"mailto:weissnichtle@arcor.de\" data-type=\"mailto\" data-id=\"mailto:weissnichtle@arcor.de\">Klick f\u00fcr Mail an den Vorsitzenden<\/a><\/p>\n\n\n\n<p>und<\/p>\n\n\n\n<p>Herr<br>Christian Deitmer<br>Ossendrift 8b<br>26556 Schweindorf<\/p>\n\n\n<p>Nehmen Sie Kontakt mit uns auf.<\/p>\n<p>[contact_form]<\/p>","protected":false},"excerpt":{"rendered":"<p>Den Vorsitz im M\u00fchlenverein Schweindorf haben: HerrErhard PfeiferM\u00fchlenblick 426556 SchweindorfKlick f\u00fcr Mail an den Vorsitzenden und HerrChristian DeitmerOssendrift 8b26556 Schweindorf Nehmen Sie Kontakt mit uns auf. [contact_form]<\/p>\n<p> <a class=\"continue-reading-link\" href=\"https:\/\/muehle-schweindorf.holtriem-news.de\/?page_id=457\"><span>Weiterlesen<\/span><i class=\"crycon-right-dir\"><\/i><\/a> <\/p>\n","protected":false},"author":1,"featured_media":0,"parent":9,"menu_order":1,"comment_status":"closed","ping_status":"open","template":"","meta":{"footnotes":""},"_links":{"self":[{"href":"https:\/\/muehle-schweindorf.holtriem-news.de\/index.php?rest_route=\/wp\/v2\/pages\/457"}],"collection":[{"href":"https:\/\/muehle-schweindorf.holtriem-news.de\/index.php?rest_route=\/wp\/v2\/pages"}],"about":[{"href":"https:\/\/muehle-schweindorf.holtriem-news.de\/index.php?rest_route=\/wp\/v2\/types\/page"}],"author":[{"embeddable":true,"href":"https:\/\/muehle-schweindorf.holtriem-news.de\/index.php?rest_route=\/wp\/v2\/users\/1"}],"replies":[{"embeddable":true,"href":"https:\/\/muehle-schweindorf.holtriem-news.de\/index.php?rest_route=%2Fwp%2Fv2%2Fcomments&post=457"}],"version-history":[{"count":4,"href":"https:\/\/muehle-schweindorf.holtriem-news.de\/index.php?rest_route=\/wp\/v2\/pages\/457\/revisions"}],"predecessor-version":[{"id":1071,"href":"https:\/\/muehle-schweindorf.holtriem-news.de\/index.php?rest_route=\/wp\/v2\/pages\/457\/revisions\/1071"}],"up":[{"embeddable":true,"href":"https:\/\/muehle-schweindorf.holtriem-news.de\/index.php?rest_route=\/wp\/v2\/pages\/9"}],"wp:attachment":[{"href":"https:\/\/muehle-schweindorf.holtriem-news.de\/index.php?rest_route=%2Fwp%2Fv2%2Fmedia&parent=457"}],"curies":[{"name":"wp","href":"https:\/\/api.w.org\/{rel}","templated":true}]}}