{"id":439,"date":"2014-12-04T18:11:00","date_gmt":"2014-12-04T17:11:00","guid":{"rendered":"http:\/\/muehle-schweindorf.holtriem-news.de\/?page_id=439"},"modified":"2014-12-04T18:11:40","modified_gmt":"2014-12-04T17:11:40","slug":"muehlen-links","status":"publish","type":"page","link":"https:\/\/muehle-schweindorf.holtriem-news.de\/?page_id=439","title":{"rendered":"M\u00fchlen-Links"},"content":{"rendered":"<h3>Hier finden Sie eine kleine Auswahl interessanter Links auf<br \/>\ndie Internetseiten anderer M\u00fchlenvereine und Seiten zum Thema M\u00fchlen.<\/h3>\n<p>Sollten Sie eine interessante Site im Internet zum Thema Windm\u00fchlen kennen,<br \/>\ndie hier aufgef\u00fchrt werden sollte, so bitten wir um Mitteilung <a href=\"mailto:joachim.albers@ewetel.net\" target=\"_blank\">per E-Mail<\/a>.<br \/>\nWir werden den Link dann ggf. hier mit aufnehmen.<\/p>\n<hr \/>\n<p><a href=\"http:\/\/muehle-schweindorf.holtriem-news.de\/wp-content\/uploads\/2014\/12\/wappen_dt_muehl.gif\"><img loading=\"lazy\" decoding=\"async\" class=\"alignleft size-full wp-image-440\" src=\"http:\/\/muehle-schweindorf.holtriem-news.de\/wp-content\/uploads\/2014\/12\/wappen_dt_muehl.gif\" alt=\"wappen_dt_muehl\" width=\"124\" height=\"107\" \/><\/a><a href=\"http:\/\/www.deutsche-muehlen.de\/\" target=\"_blank\">Deutsche-Muehlen.de <\/a><br \/>\n<a href=\"http:\/\/www.deutsche-muehlen.de\/\" target=\"_blank\">Komplette Sammlung aller Deutschen Windm\u00fchlen und Wasserm\u00fchlen<\/a><\/p>\n<p><a href=\"http:\/\/www.deutsche-muehlen.de\/mnb\/\" target=\"_blank\">M\u00fchlenvereinigung Niedersachsen &#8211; Bremen e.V.<\/a><\/p>\n<p><a href=\"http:\/\/www.deutsche-muehlen.de\/mnb\/links.htm\" target=\"_blank\">Linksammlung der M\u00fchlenvereinigung Niedersachsen-Bremen e. V.<\/a><\/p>\n<hr \/>\n<p><a href=\"http:\/\/muehle-schweindorf.holtriem-news.de\/wp-content\/uploads\/2014\/12\/wappen_dgm.jpg\"><img loading=\"lazy\" decoding=\"async\" class=\"alignleft size-full wp-image-443\" src=\"http:\/\/muehle-schweindorf.holtriem-news.de\/wp-content\/uploads\/2014\/12\/wappen_dgm.jpg\" alt=\"wappen_dgm\" width=\"42\" height=\"58\" \/><\/a><a href=\"http:\/\/www.muehlen-dgm-ev.de\/\" target=\"_blank\">Deutsche Gesellschaft f\u00fcr M\u00fchlenkunde und M\u00fchlenerhaltung DGM<\/a><\/p>\n<hr \/>\n<p><a href=\"http:\/\/muehle-schweindorf.holtriem-news.de\/wp-content\/uploads\/2014\/12\/logo_muehlenstr.gif\"><img loading=\"lazy\" decoding=\"async\" class=\"alignleft size-full wp-image-448\" src=\"http:\/\/muehle-schweindorf.holtriem-news.de\/wp-content\/uploads\/2014\/12\/logo_muehlenstr.gif\" alt=\"logo_muehlenstr\" width=\"109\" height=\"109\" \/><\/a><a href=\"http:\/\/www.niedersaechsische-muehlenstrasse.de\/\" target=\"_blank\">Die Nieders\u00e4chsische M\u00fchlenstra\u00dfe<\/a><\/p>\n<p>&nbsp;<\/p>\n<hr \/>\n<p><a href=\"http:\/\/muehle-schweindorf.holtriem-news.de\/wp-content\/uploads\/2014\/12\/johanna_1938.jpg\"><img loading=\"lazy\" decoding=\"async\" class=\"alignleft size-full wp-image-444\" src=\"http:\/\/muehle-schweindorf.holtriem-news.de\/wp-content\/uploads\/2014\/12\/johanna_1938.jpg\" alt=\"johanna_1938\" width=\"80\" height=\"105\" \/><\/a><a href=\"http:\/\/www.emdermuehlenverein.de\/\" target=\"_blank\">Emder M\u00fchlenverein<\/a><\/p>\n<hr \/>\n<p><a href=\"http:\/\/muehle-schweindorf.holtriem-news.de\/wp-content\/uploads\/2014\/12\/muehle_wiesem.jpg\"><img loading=\"lazy\" decoding=\"async\" class=\"alignleft size-thumbnail wp-image-445\" src=\"http:\/\/muehle-schweindorf.holtriem-news.de\/wp-content\/uploads\/2014\/12\/muehle_wiesem-150x150.jpg\" alt=\"muehle_wiesem\" width=\"150\" height=\"150\" \/><\/a><a href=\"http:\/\/www.wiesedermeer.de\/geschichte\/muehle.html\" target=\"_blank\">Die M\u00fchle &#8211; das Wahrzeichen von Wiesedermeer<\/a><\/p>\n<hr \/>\n<p><a href=\"http:\/\/muehle-schweindorf.holtriem-news.de\/wp-content\/uploads\/2014\/12\/antrieb_bettinger.jpg\"><img loading=\"lazy\" decoding=\"async\" class=\"alignleft size-full wp-image-446\" src=\"http:\/\/muehle-schweindorf.holtriem-news.de\/wp-content\/uploads\/2014\/12\/antrieb_bettinger.jpg\" alt=\"antrieb_bettinger\" width=\"134\" height=\"112\" \/><\/a><a href=\"http:\/\/www.muehlenverein-schmelz.de\/\" target=\"_blank\">M\u00fchlenverein Schmelz<\/a><\/p>\n<hr \/>\n<p><a href=\"http:\/\/muehle-schweindorf.holtriem-news.de\/wp-content\/uploads\/2014\/12\/dahlen.jpg\"><img loading=\"lazy\" decoding=\"async\" class=\"alignleft size-full wp-image-447\" src=\"http:\/\/muehle-schweindorf.holtriem-news.de\/wp-content\/uploads\/2014\/12\/dahlen.jpg\" alt=\"dahlen\" width=\"80\" height=\"77\" \/><\/a><a href=\"http:\/\/www.dahlen.org\/muehle\/\" target=\"_blank\">Dahlen-M\u00fchle in Sevelen, Gemeinde Issum<\/a><\/p>\n<hr \/>\n<p><a href=\"http:\/\/muehle-schweindorf.holtriem-news.de\/wp-content\/uploads\/2014\/12\/Kollage_Kleiekotzer_2.jpg\"><img loading=\"lazy\" decoding=\"async\" class=\"alignleft wp-image-449\" src=\"http:\/\/muehle-schweindorf.holtriem-news.de\/wp-content\/uploads\/2014\/12\/Kollage_Kleiekotzer_2-300x31.jpg\" alt=\"Kollage_Kleiekotzer_2\" width=\"300\" height=\"31\" \/><\/a><a href=\"http:\/\/www.kleiekotzer.com\/\" target=\"_blank\"> M\u00fchlenf\u00f6rderverein L\u00fcneburg e.V.<\/a><\/p>\n<hr \/>\n<p><a href=\"http:\/\/www.windmuehle-straupitz.de\/\" target=\"_blank\"> M\u00fchlenverein Holl\u00e4nderm\u00fchle e.V. Straupitz\/Spreewald<\/a><a href=\"http:\/\/www.windmuehle-straupitz.de\/\" target=\"_blank\"><img loading=\"lazy\" decoding=\"async\" class=\"alignleft wp-image-450 size-medium\" src=\"http:\/\/muehle-schweindorf.holtriem-news.de\/wp-content\/uploads\/2014\/12\/bild_straubitz-300x160.jpg\" alt=\"bild_straubitz\" width=\"300\" height=\"160\" \/><\/a><\/p>\n<hr \/>\n<p><a href=\"http:\/\/www.wassermuehle-wiepke.de\/\" target=\"_blank\"> M\u00fchlenverein e.V. Wiepke <\/a><\/p>\n<hr \/>\n<p><a href=\"http:\/\/muehle-schweindorf.holtriem-news.de\/wp-content\/uploads\/2014\/12\/bild_grubbe.jpg\"><img loading=\"lazy\" decoding=\"async\" class=\"alignleft wp-image-451 size-thumbnail\" src=\"http:\/\/muehle-schweindorf.holtriem-news.de\/wp-content\/uploads\/2014\/12\/bild_grubbe-150x150.jpg\" alt=\"bild_grubbe\" width=\"150\" height=\"150\" \/><\/a><a href=\"http:\/\/www.grubbemoelle.dk\/mforde.htm\" target=\"_blank\">GRUBBE M\u00d8LLES VENNER <\/a><\/p>\n<hr \/>\n<p><a href=\"http:\/\/muehle-schweindorf.holtriem-news.de\/wp-content\/uploads\/2014\/12\/bild_braake.gif\"><img loading=\"lazy\" decoding=\"async\" class=\"alignleft size-thumbnail wp-image-452\" src=\"http:\/\/muehle-schweindorf.holtriem-news.de\/wp-content\/uploads\/2014\/12\/bild_braake-150x144.gif\" alt=\"bild_braake\" width=\"150\" height=\"144\" \/><\/a><a href=\"http:\/\/www.braaker-muehle.de\/muehlenverein\" target=\"_blank\">Braaker M\u00fchle<\/a><\/p>\n<hr \/>\n<p><a href=\"http:\/\/www.ekerner-muehle.de\/\" target=\"_blank\"> <img loading=\"lazy\" decoding=\"async\" class=\"alignleft size-thumbnail wp-image-453\" src=\"http:\/\/muehle-schweindorf.holtriem-news.de\/wp-content\/uploads\/2014\/12\/bild_ekern-150x150.jpg\" alt=\"bild_ekern\" width=\"150\" height=\"150\" \/>M\u00fchlenverein Ekern e. V. <\/a><\/p>\n<hr \/>\n<p><a href=\"http:\/\/www.wasserkraft-altmark.de\/start.html\"><img loading=\"lazy\" decoding=\"async\" class=\"alignleft size-full wp-image-454\" src=\"http:\/\/muehle-schweindorf.holtriem-news.de\/wp-content\/uploads\/2014\/12\/banner_altmark.jpg\" alt=\"banner_altmark\" width=\"570\" height=\"62\" \/><\/a><\/p>\n<hr \/>\n<p><a href=\"http:\/\/muehle-schweindorf.holtriem-news.de\/wp-content\/uploads\/2014\/12\/logo_riepenburg.gif\"><img loading=\"lazy\" decoding=\"async\" class=\"alignleft size-full wp-image-455\" src=\"http:\/\/muehle-schweindorf.holtriem-news.de\/wp-content\/uploads\/2014\/12\/logo_riepenburg.gif\" alt=\"logo_riepenburg\" width=\"105\" height=\"153\" \/><\/a><a href=\"http:\/\/www.riepenburger-muehle.de\/\">Die Riepenburger M\u00fchle in Hamburg-Kirchwerder<\/a><\/p>\n<hr \/>\n<p>&nbsp;<\/p>\n<p>&nbsp;<\/p>\n<p>&nbsp;<\/p>\n<p>&nbsp;<\/p>\n<p>&nbsp;<\/p>\n<p>&nbsp;<\/p>\n<p>&nbsp;<\/p>\n<p>&nbsp;<\/p>\n<p>&nbsp;<\/p>\n<p>&nbsp;<\/p>\n","protected":false},"excerpt":{"rendered":"<p>Hier finden Sie eine kleine Auswahl interessanter Links auf die Internetseiten anderer M\u00fchlenvereine und Seiten zum Thema M\u00fchlen. Sollten Sie eine interessante Site im Internet zum Thema Windm\u00fchlen kennen, die\u2026<\/p>\n<p> <a class=\"continue-reading-link\" href=\"https:\/\/muehle-schweindorf.holtriem-news.de\/?page_id=439\"><span>Weiterlesen<\/span><i class=\"crycon-right-dir\"><\/i><\/a> <\/p>\n","protected":false},"author":1,"featured_media":0,"parent":0,"menu_order":6,"comment_status":"closed","ping_status":"open","template":"","meta":{"footnotes":""},"_links":{"self":[{"href":"https:\/\/muehle-schweindorf.holtriem-news.de\/index.php?rest_route=\/wp\/v2\/pages\/439"}],"collection":[{"href":"https:\/\/muehle-schweindorf.holtriem-news.de\/index.php?rest_route=\/wp\/v2\/pages"}],"about":[{"href":"https:\/\/muehle-schweindorf.holtriem-news.de\/index.php?rest_route=\/wp\/v2\/types\/page"}],"author":[{"embeddable":true,"href":"https:\/\/muehle-schweindorf.holtriem-news.de\/index.php?rest_route=\/wp\/v2\/users\/1"}],"replies":[{"embeddable":true,"href":"https:\/\/muehle-schweindorf.holtriem-news.de\/index.php?rest_route=%2Fwp%2Fv2%2Fcomments&post=439"}],"version-history":[{"count":2,"href":"https:\/\/muehle-schweindorf.holtriem-news.de\/index.php?rest_route=\/wp\/v2\/pages\/439\/revisions"}],"predecessor-version":[{"id":459,"href":"https:\/\/muehle-schweindorf.holtriem-news.de\/index.php?rest_route=\/wp\/v2\/pages\/439\/revisions\/459"}],"wp:attachment":[{"href":"https:\/\/muehle-schweindorf.holtriem-news.de\/index.php?rest_route=%2Fwp%2Fv2%2Fmedia&parent=439"}],"curies":[{"name":"wp","href":"https:\/\/api.w.org\/{rel}","templated":true}]}}