{"id":411,"date":"2014-12-02T19:01:00","date_gmt":"2014-12-02T18:01:00","guid":{"rendered":"http:\/\/muehle-schweindorf.holtriem-news.de\/?page_id=411"},"modified":"2014-12-02T22:22:37","modified_gmt":"2014-12-02T21:22:37","slug":"muehlen-im-landkreis-aurich","status":"publish","type":"page","link":"https:\/\/muehle-schweindorf.holtriem-news.de\/?page_id=411","title":{"rendered":"M\u00fchlen im Landkreis Aurich"},"content":{"rendered":"<div id=\"attachment_412\" style=\"width: 160px\" class=\"wp-caption alignleft\"><a href=\"http:\/\/muehle-schweindorf.holtriem-news.de\/wp-content\/uploads\/2014\/12\/aur_stifts.jpg\"><img loading=\"lazy\" decoding=\"async\" aria-describedby=\"caption-attachment-412\" class=\"size-thumbnail wp-image-412\" src=\"http:\/\/muehle-schweindorf.holtriem-news.de\/wp-content\/uploads\/2014\/12\/aur_stifts-150x150.jpg\" alt=\"Stiftsm\u00fchle Aurich\" width=\"150\" height=\"150\" srcset=\"https:\/\/muehle-schweindorf.holtriem-news.de\/wp-content\/uploads\/2014\/12\/aur_stifts-150x150.jpg 150w, https:\/\/muehle-schweindorf.holtriem-news.de\/wp-content\/uploads\/2014\/12\/aur_stifts-200x200.jpg 200w, https:\/\/muehle-schweindorf.holtriem-news.de\/wp-content\/uploads\/2014\/12\/aur_stifts.jpg 250w\" sizes=\"(max-width: 150px) 100vw, 150px\" \/><\/a><p id=\"caption-attachment-412\" class=\"wp-caption-text\">Stiftsm\u00fchle Aurich<\/p><\/div>\n<h3>&#8222;Stiftsm\u00fchle&#8220; in Aurich<\/h3>\n<p>F\u00fcnfst\u00f6ckiger Galerieholl\u00e4nder mit Windrose, erbaut im Jahre 1858, in Betrieb bis 1968.<br \/>\nIn der M\u00fchle befinden sich zwei Feinmehlg\u00e4nge, zwei Schrotg\u00e4nge, zwei Peldeg\u00e4nge und zwei Walzenst\u00fchle.<\/p>\n<p>Die M\u00fchle an der Oldersumer Stra\u00dfe Nr. 28 wird heute als M\u00fchlenmuseum genutzt.<\/p>\n<hr \/>\n<div id=\"attachment_413\" style=\"width: 160px\" class=\"wp-caption alignleft\"><a href=\"http:\/\/muehle-schweindorf.holtriem-news.de\/wp-content\/uploads\/2014\/12\/ostgrf.jpg\"><img loading=\"lazy\" decoding=\"async\" aria-describedby=\"caption-attachment-413\" class=\"size-thumbnail wp-image-413\" src=\"http:\/\/muehle-schweindorf.holtriem-news.de\/wp-content\/uploads\/2014\/12\/ostgrf-150x150.jpg\" alt=\"Galerieholl\u00e4nder Ostgro\u00dfefehn\" width=\"150\" height=\"150\" srcset=\"https:\/\/muehle-schweindorf.holtriem-news.de\/wp-content\/uploads\/2014\/12\/ostgrf-150x150.jpg 150w, https:\/\/muehle-schweindorf.holtriem-news.de\/wp-content\/uploads\/2014\/12\/ostgrf-200x200.jpg 200w, https:\/\/muehle-schweindorf.holtriem-news.de\/wp-content\/uploads\/2014\/12\/ostgrf.jpg 250w\" sizes=\"(max-width: 150px) 100vw, 150px\" \/><\/a><p id=\"caption-attachment-413\" class=\"wp-caption-text\">Galerieholl\u00e4nder Ostgro\u00dfefehn<\/p><\/div>\n<h3>Galerieholl\u00e4nder Ostgro\u00dfefehn<\/h3>\n<p>Kanalstra\u00dfe Nord, 26629 Gro\u00dfefehn<\/p>\n<p>Zweist\u00f6ckiger Galerieholl\u00e4nder mit Windrose und Jalousiefl\u00fcgel, erbaut 1804, verf\u00fcgt \u00fcber drei Schrotg\u00e4nge und einem Peldegang. Die M\u00fchle wurde bis 1968 als Getreidem\u00fchle betrieben und ist heute in Betrieb zur Stromerzeugung.<\/p>\n<hr \/>\n<div id=\"attachment_414\" style=\"width: 160px\" class=\"wp-caption alignleft\"><a href=\"http:\/\/muehle-schweindorf.holtriem-news.de\/wp-content\/uploads\/2014\/12\/spetzf.jpg\"><img loading=\"lazy\" decoding=\"async\" aria-describedby=\"caption-attachment-414\" class=\"size-thumbnail wp-image-414\" src=\"http:\/\/muehle-schweindorf.holtriem-news.de\/wp-content\/uploads\/2014\/12\/spetzf-150x150.jpg\" alt=\"Galerieholl\u00e4nder Spetzerfehn\" width=\"150\" height=\"150\" srcset=\"https:\/\/muehle-schweindorf.holtriem-news.de\/wp-content\/uploads\/2014\/12\/spetzf-150x150.jpg 150w, https:\/\/muehle-schweindorf.holtriem-news.de\/wp-content\/uploads\/2014\/12\/spetzf-200x200.jpg 200w, https:\/\/muehle-schweindorf.holtriem-news.de\/wp-content\/uploads\/2014\/12\/spetzf.jpg 250w\" sizes=\"(max-width: 150px) 100vw, 150px\" \/><\/a><p id=\"caption-attachment-414\" class=\"wp-caption-text\">Galerieholl\u00e4nder Spetzerfehn<\/p><\/div>\n<h3>Galerieholl\u00e4nder Spetzerfehn<\/h3>\n<p>Postweg, 26629 Gro\u00dfefehn-Spetzerfehn<\/p>\n<p>Dreist\u00f6ckiger Galerieholl\u00e4nder mit Windrose und Jalousiefl\u00fcgel, erbaut im Jahre 1886, verf\u00fcgt \u00fcber je einem Schrotgang, Feinmahlgang und Peldegang.<\/p>\n<p>Diese M\u00fchle arbeitet heute noch im Mahlbetrieb mit Wind.<\/p>\n<hr \/>\n<p>&nbsp;<\/p>\n<div id=\"attachment_418\" style=\"width: 160px\" class=\"wp-caption alignleft\"><a href=\"http:\/\/muehle-schweindorf.holtriem-news.de\/wp-content\/uploads\/2014\/12\/leezd.jpg\"><img loading=\"lazy\" decoding=\"async\" aria-describedby=\"caption-attachment-418\" class=\"size-thumbnail wp-image-418\" src=\"http:\/\/muehle-schweindorf.holtriem-news.de\/wp-content\/uploads\/2014\/12\/leezd-150x150.jpg\" alt=\"Galerieholl\u00e4nder in Leezdorf\" width=\"150\" height=\"150\" srcset=\"https:\/\/muehle-schweindorf.holtriem-news.de\/wp-content\/uploads\/2014\/12\/leezd-150x150.jpg 150w, https:\/\/muehle-schweindorf.holtriem-news.de\/wp-content\/uploads\/2014\/12\/leezd-200x200.jpg 200w, https:\/\/muehle-schweindorf.holtriem-news.de\/wp-content\/uploads\/2014\/12\/leezd.jpg 250w\" sizes=\"(max-width: 150px) 100vw, 150px\" \/><\/a><p id=\"caption-attachment-418\" class=\"wp-caption-text\">Galerieholl\u00e4nder in Leezdorf<\/p><\/div>\n<h3>Galerieholl\u00e4nder in Leezdorf<\/h3>\n<p>26529 Leezdorf, Str\u00e4kweg<\/p>\n<p>Galerieholl\u00e4nder mit Steert und Segelfl\u00fcgel, zwei Mahlg\u00e4ngen. Die M\u00fchle ist vollst\u00e4ndig restauriert und betriebsbereit.<\/p>\n<p>Diese M\u00fchle ist in etwa baugleich mit der Klaashenschen M\u00fchle in Schweindorf.<\/p>\n<hr \/>\n<p>&nbsp;<\/p>\n<div id=\"attachment_419\" style=\"width: 160px\" class=\"wp-caption alignleft\"><a href=\"http:\/\/muehle-schweindorf.holtriem-news.de\/wp-content\/uploads\/2014\/12\/greetsi.jpg\"><img loading=\"lazy\" decoding=\"async\" aria-describedby=\"caption-attachment-419\" class=\"size-thumbnail wp-image-419\" src=\"http:\/\/muehle-schweindorf.holtriem-news.de\/wp-content\/uploads\/2014\/12\/greetsi-150x150.jpg\" alt=\"Zwillingsm\u00fchlen in Greetsiel\" width=\"150\" height=\"150\" srcset=\"https:\/\/muehle-schweindorf.holtriem-news.de\/wp-content\/uploads\/2014\/12\/greetsi-150x150.jpg 150w, https:\/\/muehle-schweindorf.holtriem-news.de\/wp-content\/uploads\/2014\/12\/greetsi-200x200.jpg 200w, https:\/\/muehle-schweindorf.holtriem-news.de\/wp-content\/uploads\/2014\/12\/greetsi.jpg 250w\" sizes=\"(max-width: 150px) 100vw, 150px\" \/><\/a><p id=\"caption-attachment-419\" class=\"wp-caption-text\">Zwillingsm\u00fchlen in Greetsiel<\/p><\/div>\n<h3>Zwillingsm\u00fchlen in Greetsiel<\/h3>\n<p>M\u00fchlenstra\u00dfe, 26736 Krummh\u00f6rn-Greetsiel<\/p>\n<p>Zweist\u00f6ckige Galerieholl\u00e4nder mit Windrose und Segelfl\u00fcgel, Mahl- und Peldegang.<br \/>\nDie M\u00fchle im Vordergrund (westl. M\u00fchle) wurde 1856 erbaut. Die M\u00fchle im Hintergrund wurde 1921 nach einem Brand neu errichtet.<\/p>\n<hr \/>\n<div id=\"attachment_420\" style=\"width: 160px\" class=\"wp-caption alignleft\"><a href=\"http:\/\/muehle-schweindorf.holtriem-news.de\/wp-content\/uploads\/2014\/12\/dornum.jpg\"><img loading=\"lazy\" decoding=\"async\" aria-describedby=\"caption-attachment-420\" class=\"size-thumbnail wp-image-420\" src=\"http:\/\/muehle-schweindorf.holtriem-news.de\/wp-content\/uploads\/2014\/12\/dornum-150x150.jpg\" alt=\"Bockwindm\u00fchle in Dornum\" width=\"150\" height=\"150\" srcset=\"https:\/\/muehle-schweindorf.holtriem-news.de\/wp-content\/uploads\/2014\/12\/dornum-150x150.jpg 150w, https:\/\/muehle-schweindorf.holtriem-news.de\/wp-content\/uploads\/2014\/12\/dornum-200x200.jpg 200w, https:\/\/muehle-schweindorf.holtriem-news.de\/wp-content\/uploads\/2014\/12\/dornum.jpg 250w\" sizes=\"(max-width: 150px) 100vw, 150px\" \/><\/a><p id=\"caption-attachment-420\" class=\"wp-caption-text\">Bockwindm\u00fchle in Dornum<\/p><\/div>\n<div id=\"attachment_431\" style=\"width: 160px\" class=\"wp-caption alignleft\"><a href=\"http:\/\/muehle-schweindorf.holtriem-news.de\/wp-content\/uploads\/2014\/12\/jal_5183.jpg\"><img loading=\"lazy\" decoding=\"async\" aria-describedby=\"caption-attachment-431\" class=\"size-thumbnail wp-image-431\" src=\"http:\/\/muehle-schweindorf.holtriem-news.de\/wp-content\/uploads\/2014\/12\/jal_5183-150x150.jpg\" alt=\"Bockwindm\u00fchle Dornum\" width=\"150\" height=\"150\" srcset=\"https:\/\/muehle-schweindorf.holtriem-news.de\/wp-content\/uploads\/2014\/12\/jal_5183-150x150.jpg 150w, https:\/\/muehle-schweindorf.holtriem-news.de\/wp-content\/uploads\/2014\/12\/jal_5183-200x200.jpg 200w\" sizes=\"(max-width: 150px) 100vw, 150px\" \/><\/a><p id=\"caption-attachment-431\" class=\"wp-caption-text\">Bockwindm\u00fchle Dornum<\/p><\/div>\n<h3>Bockwindm\u00fchle in Dornum<\/h3>\n<p>Bahnhofstra\u00dfe in 26553 Dornum<\/p>\n<p>Voll funktionsf\u00e4hige Bockwindm\u00fchle, erbaut 1626, 1996 restauriert.<br \/>\nDie M\u00fchle diente als Getreidem\u00fchle und verf\u00fcgt \u00fcber einem Mahlgang.<br \/>\nDie Bockwindm\u00fchle in Dornum ist die \u00e4lteste erhaltene M\u00fchle Ostfrieslands.<\/p>\n<hr \/>\n<div id=\"attachment_421\" style=\"width: 160px\" class=\"wp-caption alignleft\"><a href=\"http:\/\/muehle-schweindorf.holtriem-news.de\/wp-content\/uploads\/2014\/12\/Bagb.jpg\"><img loading=\"lazy\" decoding=\"async\" aria-describedby=\"caption-attachment-421\" class=\"size-thumbnail wp-image-421\" src=\"http:\/\/muehle-schweindorf.holtriem-news.de\/wp-content\/uploads\/2014\/12\/Bagb-150x150.jpg\" alt=\"Windm\u00fchle Bagband\" width=\"150\" height=\"150\" srcset=\"https:\/\/muehle-schweindorf.holtriem-news.de\/wp-content\/uploads\/2014\/12\/Bagb-150x150.jpg 150w, https:\/\/muehle-schweindorf.holtriem-news.de\/wp-content\/uploads\/2014\/12\/Bagb-200x200.jpg 200w, https:\/\/muehle-schweindorf.holtriem-news.de\/wp-content\/uploads\/2014\/12\/Bagb.jpg 250w\" sizes=\"(max-width: 150px) 100vw, 150px\" \/><\/a><p id=\"caption-attachment-421\" class=\"wp-caption-text\">Windm\u00fchle Bagband<\/p><\/div>\n<h3>Windm\u00fchle Bagband<\/h3>\n<p>M\u00fchlenkamp 1, 26629 Gro\u00dfefehn-Bagband<\/p>\n<p>Einst\u00f6ckiger Galerieholl\u00e4nder mit Windrose und Segelfl\u00fcgeln, Peldegang und Schrotg\u00e4nge.<br \/>\nDie M\u00fchle wurde mit Wind bis 1974 betrieben und ist noch voll funktionsf\u00e4hig.<\/p>\n<hr \/>\n<div id=\"attachment_422\" style=\"width: 160px\" class=\"wp-caption alignleft\"><a href=\"http:\/\/muehle-schweindorf.holtriem-news.de\/wp-content\/uploads\/2014\/12\/felde.jpg\"><img loading=\"lazy\" decoding=\"async\" aria-describedby=\"caption-attachment-422\" class=\"size-thumbnail wp-image-422\" src=\"http:\/\/muehle-schweindorf.holtriem-news.de\/wp-content\/uploads\/2014\/12\/felde-150x150.jpg\" alt=\"Windm\u00fchle Felde\" width=\"150\" height=\"150\" srcset=\"https:\/\/muehle-schweindorf.holtriem-news.de\/wp-content\/uploads\/2014\/12\/felde-150x150.jpg 150w, https:\/\/muehle-schweindorf.holtriem-news.de\/wp-content\/uploads\/2014\/12\/felde-200x200.jpg 200w, https:\/\/muehle-schweindorf.holtriem-news.de\/wp-content\/uploads\/2014\/12\/felde.jpg 250w\" sizes=\"(max-width: 150px) 100vw, 150px\" \/><\/a><p id=\"caption-attachment-422\" class=\"wp-caption-text\">Windm\u00fchle Felde<\/p><\/div>\n<h3>Windm\u00fchle Felde<\/h3>\n<p>M\u00fchlenweg 1, 26620 Gro\u00dfefehn-Felde<\/p>\n<p>Zweist\u00f6ckiger Galerieholl\u00e4nder mit Steert und Segelfl\u00fcgeln.<br \/>\nDie M\u00fchle wurde 1866 erbaut und war bis 1969 in Betrieb.<br \/>\nEine funktionsf\u00e4hige Mahleinrichtung ist vorhanden.<br \/>\nDie M\u00fchle wurde 1996 restauriert.<\/p>\n<hr \/>\n<div id=\"attachment_423\" style=\"width: 160px\" class=\"wp-caption alignleft\"><a href=\"http:\/\/muehle-schweindorf.holtriem-news.de\/wp-content\/uploads\/2014\/12\/aur_egels.jpg\"><img loading=\"lazy\" decoding=\"async\" aria-describedby=\"caption-attachment-423\" class=\"size-thumbnail wp-image-423\" src=\"http:\/\/muehle-schweindorf.holtriem-news.de\/wp-content\/uploads\/2014\/12\/aur_egels-150x150.jpg\" alt=\"&quot;Au\u00dfenm\u00fchle&quot;Aurich, Egelser Stra\u00dfe \" width=\"150\" height=\"150\" srcset=\"https:\/\/muehle-schweindorf.holtriem-news.de\/wp-content\/uploads\/2014\/12\/aur_egels-150x150.jpg 150w, https:\/\/muehle-schweindorf.holtriem-news.de\/wp-content\/uploads\/2014\/12\/aur_egels-200x200.jpg 200w, https:\/\/muehle-schweindorf.holtriem-news.de\/wp-content\/uploads\/2014\/12\/aur_egels.jpg 250w\" sizes=\"(max-width: 150px) 100vw, 150px\" \/><\/a><p id=\"caption-attachment-423\" class=\"wp-caption-text\">&#8222;Au\u00dfenm\u00fchle&#8220;Aurich, Egelser Stra\u00dfe<\/p><\/div>\n<h3>Windm\u00fchle Aurich<\/h3>\n<p>Egelser Stra\u00dfe &#8222;Au\u00dfenm\u00fchle&#8220;<br \/>\nDreist\u00f6ckiger Galerieholl\u00e4nder mit Windrose.<br \/>\nDie M\u00fchle wurde 1884 erbaut und als Getreidem\u00fchle genutzt. Die M\u00fchle wurde mit Wind bis 1968 betrieben und ist heute noch als Motorm\u00fchle in Betrieb<\/p>\n<hr \/>\n<h3>Windm\u00fchle in S\u00fcdcoldinne<\/h3>\n<p>Der Erdholl\u00e4nder mit Steert wurde 1922 erbaut und bis 1970 als Getreidem\u00fchle genutzt.<br \/>\nDie M\u00fchle ist nicht mehr in Betrieb, verf\u00fcgt allerdings \u00fcber einen Schrotgang und einem Graupengang mit Stehendem Stein.<\/p>\n<hr \/>\n<p>&nbsp;<\/p>\n<div id=\"attachment_424\" style=\"width: 160px\" class=\"wp-caption alignleft\"><a href=\"http:\/\/muehle-schweindorf.holtriem-news.de\/wp-content\/uploads\/2014\/12\/plaggenb.jpg\"><img loading=\"lazy\" decoding=\"async\" aria-describedby=\"caption-attachment-424\" class=\"size-thumbnail wp-image-424\" src=\"http:\/\/muehle-schweindorf.holtriem-news.de\/wp-content\/uploads\/2014\/12\/plaggenb-150x150.jpg\" alt=\"Sandhorster M\u00fchle\" width=\"150\" height=\"150\" srcset=\"https:\/\/muehle-schweindorf.holtriem-news.de\/wp-content\/uploads\/2014\/12\/plaggenb-150x150.jpg 150w, https:\/\/muehle-schweindorf.holtriem-news.de\/wp-content\/uploads\/2014\/12\/plaggenb-200x200.jpg 200w, https:\/\/muehle-schweindorf.holtriem-news.de\/wp-content\/uploads\/2014\/12\/plaggenb.jpg 250w\" sizes=\"(max-width: 150px) 100vw, 150px\" \/><\/a><p id=\"caption-attachment-424\" class=\"wp-caption-text\">Sandhorster M\u00fchle<\/p><\/div>\n<h3>Sandhorster M\u00fchle<\/h3>\n<p>Esenser Stra\u00dfe 190 in 26607 Aurich-Sandhorst<\/p>\n<p>Zweist\u00f6ckiger Galerieholl\u00e4nder mit Windrose, erbaut 1908. Die M\u00fchle wurde seit 1988 unter der Regie des M\u00fchlenvereins Aurich-Sandhorst e. V. wieder hergerichtet und ist heute restauriert und funktionsf\u00e4hig.<\/p>\n<hr \/>\n<div id=\"attachment_425\" style=\"width: 160px\" class=\"wp-caption alignleft\"><a href=\"http:\/\/muehle-schweindorf.holtriem-news.de\/wp-content\/uploads\/2014\/12\/tannenh.jpg\"><img loading=\"lazy\" decoding=\"async\" aria-describedby=\"caption-attachment-425\" class=\"size-thumbnail wp-image-425\" src=\"http:\/\/muehle-schweindorf.holtriem-news.de\/wp-content\/uploads\/2014\/12\/tannenh-150x150.jpg\" alt=\"Windm\u00fchle Tannenhausen\" width=\"150\" height=\"150\" srcset=\"https:\/\/muehle-schweindorf.holtriem-news.de\/wp-content\/uploads\/2014\/12\/tannenh-150x150.jpg 150w, https:\/\/muehle-schweindorf.holtriem-news.de\/wp-content\/uploads\/2014\/12\/tannenh-200x200.jpg 200w, https:\/\/muehle-schweindorf.holtriem-news.de\/wp-content\/uploads\/2014\/12\/tannenh.jpg 250w\" sizes=\"(max-width: 150px) 100vw, 150px\" \/><\/a><p id=\"caption-attachment-425\" class=\"wp-caption-text\">Windm\u00fchle Tannenhausen<\/p><\/div>\n<p>Windm\u00fchle in Aurich-Tannenhausen<\/p>\n<p>&nbsp;<\/p>\n<p>&nbsp;<\/p>\n<p>&nbsp;<\/p>\n<p>&nbsp;<\/p>\n","protected":false},"excerpt":{"rendered":"<p>&#8222;Stiftsm\u00fchle&#8220; in Aurich F\u00fcnfst\u00f6ckiger Galerieholl\u00e4nder mit Windrose, erbaut im Jahre 1858, in Betrieb bis 1968. In der M\u00fchle befinden sich zwei Feinmehlg\u00e4nge, zwei Schrotg\u00e4nge, zwei Peldeg\u00e4nge und zwei Walzenst\u00fchle. Die\u2026<\/p>\n<p> <a class=\"continue-reading-link\" href=\"https:\/\/muehle-schweindorf.holtriem-news.de\/?page_id=411\"><span>Weiterlesen<\/span><i class=\"crycon-right-dir\"><\/i><\/a> <\/p>\n","protected":false},"author":1,"featured_media":0,"parent":228,"menu_order":2,"comment_status":"closed","ping_status":"open","template":"","meta":{"footnotes":""},"_links":{"self":[{"href":"https:\/\/muehle-schweindorf.holtriem-news.de\/index.php?rest_route=\/wp\/v2\/pages\/411"}],"collection":[{"href":"https:\/\/muehle-schweindorf.holtriem-news.de\/index.php?rest_route=\/wp\/v2\/pages"}],"about":[{"href":"https:\/\/muehle-schweindorf.holtriem-news.de\/index.php?rest_route=\/wp\/v2\/types\/page"}],"author":[{"embeddable":true,"href":"https:\/\/muehle-schweindorf.holtriem-news.de\/index.php?rest_route=\/wp\/v2\/users\/1"}],"replies":[{"embeddable":true,"href":"https:\/\/muehle-schweindorf.holtriem-news.de\/index.php?rest_route=%2Fwp%2Fv2%2Fcomments&post=411"}],"version-history":[{"count":4,"href":"https:\/\/muehle-schweindorf.holtriem-news.de\/index.php?rest_route=\/wp\/v2\/pages\/411\/revisions"}],"predecessor-version":[{"id":434,"href":"https:\/\/muehle-schweindorf.holtriem-news.de\/index.php?rest_route=\/wp\/v2\/pages\/411\/revisions\/434"}],"up":[{"embeddable":true,"href":"https:\/\/muehle-schweindorf.holtriem-news.de\/index.php?rest_route=\/wp\/v2\/pages\/228"}],"wp:attachment":[{"href":"https:\/\/muehle-schweindorf.holtriem-news.de\/index.php?rest_route=%2Fwp%2Fv2%2Fmedia&parent=411"}],"curies":[{"name":"wp","href":"https:\/\/api.w.org\/{rel}","templated":true}]}}