{"id":204,"date":"2014-11-17T18:07:50","date_gmt":"2014-11-17T17:07:50","guid":{"rendered":"http:\/\/muehle-schweindorf.holtriem-news.de\/?page_id=204"},"modified":"2014-11-17T18:11:59","modified_gmt":"2014-11-17T17:11:59","slug":"die-verschiedenen-ansichten-der-muehle-klaashen","status":"publish","type":"page","link":"https:\/\/muehle-schweindorf.holtriem-news.de\/?page_id=204","title":{"rendered":"Die verschiedenen Ansichten der M\u00fchle Klaashen"},"content":{"rendered":"<h2>Sehen Sie hier die sch\u00f6nsten M\u00fchlenbilder<\/h2>\n<p>Mit einem Klick geht&#8217;s zur Bildansicht&#8230;<\/p>\n<p><a href=\"http:\/\/muehle-schweindorf.holtriem-news.de\/wp-content\/uploads\/2014\/11\/DSCN4480.jpg\"><img loading=\"lazy\" decoding=\"async\" class=\"alignnone size-thumbnail wp-image-148\" src=\"http:\/\/muehle-schweindorf.holtriem-news.de\/wp-content\/uploads\/2014\/11\/DSCN4480-150x150.jpg\" alt=\"Sonnenblumen an der M\u00fchle Klaashen\" width=\"150\" height=\"150\" \/><\/a> <a href=\"http:\/\/muehle-schweindorf.holtriem-news.de\/wp-content\/uploads\/2014\/11\/JAL_0338.jpg\"><img loading=\"lazy\" decoding=\"async\" class=\"alignnone size-thumbnail wp-image-205\" src=\"http:\/\/muehle-schweindorf.holtriem-news.de\/wp-content\/uploads\/2014\/11\/JAL_0338-150x150.jpg\" alt=\"Windm\u00fchle\" width=\"150\" height=\"150\" \/><\/a> <a href=\"http:\/\/muehle-schweindorf.holtriem-news.de\/wp-content\/uploads\/2014\/11\/DSC_2750.jpg\"><img loading=\"lazy\" decoding=\"async\" class=\"alignnone size-thumbnail wp-image-206\" src=\"http:\/\/muehle-schweindorf.holtriem-news.de\/wp-content\/uploads\/2014\/11\/DSC_2750-150x150.jpg\" alt=\"DSC_2750\" width=\"150\" height=\"150\" \/><\/a> <a href=\"http:\/\/muehle-schweindorf.holtriem-news.de\/wp-content\/uploads\/2014\/11\/DSC_2517.jpg\"><img loading=\"lazy\" decoding=\"async\" class=\"alignnone size-thumbnail wp-image-207\" src=\"http:\/\/muehle-schweindorf.holtriem-news.de\/wp-content\/uploads\/2014\/11\/DSC_2517-150x150.jpg\" alt=\"DSC_2517\" width=\"150\" height=\"150\" \/><\/a> <a href=\"http:\/\/muehle-schweindorf.holtriem-news.de\/wp-content\/uploads\/2014\/11\/DSC_2511.jpg\"><img loading=\"lazy\" decoding=\"async\" class=\"alignnone size-thumbnail wp-image-208\" src=\"http:\/\/muehle-schweindorf.holtriem-news.de\/wp-content\/uploads\/2014\/11\/DSC_2511-150x150.jpg\" alt=\"DSC_2511\" width=\"150\" height=\"150\" \/><\/a><a href=\"http:\/\/muehle-schweindorf.holtriem-news.de\/wp-content\/uploads\/2014\/11\/DSC02697.jpg\"><img loading=\"lazy\" decoding=\"async\" class=\"alignnone size-thumbnail wp-image-209\" src=\"http:\/\/muehle-schweindorf.holtriem-news.de\/wp-content\/uploads\/2014\/11\/DSC02697-150x150.jpg\" alt=\"M\u00fchle Klaashen in Schweindorf\" width=\"150\" height=\"150\" \/><\/a><\/p>\n<p>Diese Bilderserie wird laufend erweitert<\/p>\n","protected":false},"excerpt":{"rendered":"<p>Sehen Sie hier die sch\u00f6nsten M\u00fchlenbilder Mit einem Klick geht&#8217;s zur Bildansicht&#8230; Diese Bilderserie wird laufend erweitert<\/p>\n<p> <a class=\"continue-reading-link\" href=\"https:\/\/muehle-schweindorf.holtriem-news.de\/?page_id=204\"><span>Weiterlesen<\/span><i class=\"crycon-right-dir\"><\/i><\/a> <\/p>\n","protected":false},"author":1,"featured_media":0,"parent":166,"menu_order":0,"comment_status":"closed","ping_status":"open","template":"","meta":{"footnotes":""},"_links":{"self":[{"href":"https:\/\/muehle-schweindorf.holtriem-news.de\/index.php?rest_route=\/wp\/v2\/pages\/204"}],"collection":[{"href":"https:\/\/muehle-schweindorf.holtriem-news.de\/index.php?rest_route=\/wp\/v2\/pages"}],"about":[{"href":"https:\/\/muehle-schweindorf.holtriem-news.de\/index.php?rest_route=\/wp\/v2\/types\/page"}],"author":[{"embeddable":true,"href":"https:\/\/muehle-schweindorf.holtriem-news.de\/index.php?rest_route=\/wp\/v2\/users\/1"}],"replies":[{"embeddable":true,"href":"https:\/\/muehle-schweindorf.holtriem-news.de\/index.php?rest_route=%2Fwp%2Fv2%2Fcomments&post=204"}],"version-history":[{"count":1,"href":"https:\/\/muehle-schweindorf.holtriem-news.de\/index.php?rest_route=\/wp\/v2\/pages\/204\/revisions"}],"predecessor-version":[{"id":210,"href":"https:\/\/muehle-schweindorf.holtriem-news.de\/index.php?rest_route=\/wp\/v2\/pages\/204\/revisions\/210"}],"up":[{"embeddable":true,"href":"https:\/\/muehle-schweindorf.holtriem-news.de\/index.php?rest_route=\/wp\/v2\/pages\/166"}],"wp:attachment":[{"href":"https:\/\/muehle-schweindorf.holtriem-news.de\/index.php?rest_route=%2Fwp%2Fv2%2Fmedia&parent=204"}],"curies":[{"name":"wp","href":"https:\/\/api.w.org\/{rel}","templated":true}]}}