{"id":117,"date":"2014-11-13T22:19:45","date_gmt":"2014-11-13T21:19:45","guid":{"rendered":"http:\/\/muehle-schweindorf.holtriem-news.de\/?page_id=117"},"modified":"2014-12-04T18:25:37","modified_gmt":"2014-12-04T17:25:37","slug":"schweindorf","status":"publish","type":"page","link":"https:\/\/muehle-schweindorf.holtriem-news.de\/?page_id=117","title":{"rendered":"Schweindorf"},"content":{"rendered":"<div id=\"attachment_461\" style=\"width: 310px\" class=\"wp-caption alignleft\"><a href=\"http:\/\/muehle-schweindorf.holtriem-news.de\/wp-content\/uploads\/2014\/11\/DSC02610_1.jpg\"><img loading=\"lazy\" decoding=\"async\" aria-describedby=\"caption-attachment-461\" class=\"wp-image-461 size-medium\" src=\"http:\/\/muehle-schweindorf.holtriem-news.de\/wp-content\/uploads\/2014\/11\/DSC02610_1-300x183.jpg\" alt=\"DSC02610_1\" width=\"300\" height=\"183\" srcset=\"https:\/\/muehle-schweindorf.holtriem-news.de\/wp-content\/uploads\/2014\/11\/DSC02610_1-300x183.jpg 300w, https:\/\/muehle-schweindorf.holtriem-news.de\/wp-content\/uploads\/2014\/11\/DSC02610_1-150x91.jpg 150w, https:\/\/muehle-schweindorf.holtriem-news.de\/wp-content\/uploads\/2014\/11\/DSC02610_1.jpg 800w\" sizes=\"(max-width: 300px) 100vw, 300px\" \/><\/a><p id=\"caption-attachment-461\" class=\"wp-caption-text\">Die Gemeinde Schweindorf aus der Luft. Foto: ost-friesland-bild.de<\/p><\/div>\n<p>Schweindorf ist eine Gemeinde in Ostfriesland, im Nordwesten Deutschlands, mitten auf der &#8218;ostfriesischen Halbinsel&#8216; zwischen Dollart im Westen und dem Jadebusen im Osten.<\/p>\n<p>Die kleine Gemeinde Schweindorf liegt n\u00f6rdlich von Aurich und ist \u00fcber die Landesstra\u00dfe 7 bis Westerholt und von dort \u00fcber die Landesstra\u00dfe 6 in Richtung Esens zu erreichen.<\/p>\n<p>Die Gemeinde Schweindorf hat etwa 565 Einwohner und liegt in der Samtgemeinde Holtriem, ein Zusammenschluss von insgesamt acht Einzelgemeinden.<\/p>\n<p>Schweindorf ist nur etwa 10 Kilometer von der Nordseek\u00fcste entfernt.<\/p>\n<p>Neben Aurich sind die St\u00e4dte Emden, Norden, Esens und Wittmund in n\u00e4chster N\u00e4he.<\/p>\n<p>Weitere Informationen \u00fcber unsere Gemeinde erhalten Sie auch hier:<br \/>\n<a href=\"http:\/\/www.gemeinde-schweindorf.de\">www.gemeinde-schweindorf.de<\/a><\/p>\n<hr \/>\n<p>N\u00e4here Informationen \u00fcber den Urlaubsort Holtriem erhalten Sie auf der Internetseite des<br \/>\n<a href=\"http:\/\/www.holtriem.de\/\">Fremdenverkehrsvereins Holtriem e. V<\/a><\/p>\n","protected":false},"excerpt":{"rendered":"<p>Schweindorf ist eine Gemeinde in Ostfriesland, im Nordwesten Deutschlands, mitten auf der &#8218;ostfriesischen Halbinsel&#8216; zwischen Dollart im Westen und dem Jadebusen im Osten. Die kleine Gemeinde Schweindorf liegt n\u00f6rdlich von\u2026<\/p>\n<p> <a class=\"continue-reading-link\" href=\"https:\/\/muehle-schweindorf.holtriem-news.de\/?page_id=117\"><span>Weiterlesen<\/span><i class=\"crycon-right-dir\"><\/i><\/a> <\/p>\n","protected":false},"author":1,"featured_media":0,"parent":0,"menu_order":5,"comment_status":"open","ping_status":"open","template":"","meta":{"footnotes":""},"_links":{"self":[{"href":"https:\/\/muehle-schweindorf.holtriem-news.de\/index.php?rest_route=\/wp\/v2\/pages\/117"}],"collection":[{"href":"https:\/\/muehle-schweindorf.holtriem-news.de\/index.php?rest_route=\/wp\/v2\/pages"}],"about":[{"href":"https:\/\/muehle-schweindorf.holtriem-news.de\/index.php?rest_route=\/wp\/v2\/types\/page"}],"author":[{"embeddable":true,"href":"https:\/\/muehle-schweindorf.holtriem-news.de\/index.php?rest_route=\/wp\/v2\/users\/1"}],"replies":[{"embeddable":true,"href":"https:\/\/muehle-schweindorf.holtriem-news.de\/index.php?rest_route=%2Fwp%2Fv2%2Fcomments&post=117"}],"version-history":[{"count":4,"href":"https:\/\/muehle-schweindorf.holtriem-news.de\/index.php?rest_route=\/wp\/v2\/pages\/117\/revisions"}],"predecessor-version":[{"id":462,"href":"https:\/\/muehle-schweindorf.holtriem-news.de\/index.php?rest_route=\/wp\/v2\/pages\/117\/revisions\/462"}],"wp:attachment":[{"href":"https:\/\/muehle-schweindorf.holtriem-news.de\/index.php?rest_route=%2Fwp%2Fv2%2Fmedia&parent=117"}],"curies":[{"name":"wp","href":"https:\/\/api.w.org\/{rel}","templated":true}]}}