{"id":113,"date":"2014-11-13T22:15:12","date_gmt":"2014-11-13T21:15:12","guid":{"rendered":"http:\/\/muehle-schweindorf.holtriem-news.de\/?page_id=113"},"modified":"2014-11-13T22:17:22","modified_gmt":"2014-11-13T21:17:22","slug":"muehlentechnik","status":"publish","type":"page","link":"https:\/\/muehle-schweindorf.holtriem-news.de\/?page_id=113","title":{"rendered":"M\u00fchlentechnik"},"content":{"rendered":"<h2>So arbeitet unsere M\u00fchle<\/h2>\n<p style=\"text-align: justify;\"><a href=\"http:\/\/muehle-schweindorf.holtriem-news.de\/wp-content\/uploads\/2014\/11\/funkm\u00fc.gif\"><img loading=\"lazy\" decoding=\"async\" class=\"alignleft wp-image-114 size-full\" src=\"http:\/\/muehle-schweindorf.holtriem-news.de\/wp-content\/uploads\/2014\/11\/funkm\u00fc.gif\" alt=\"M\u00fchlenquerschnitt\" width=\"357\" height=\"386\" \/><\/a>Um die Funktion unserer M\u00fchle zu erkl\u00e4ren, haben wird den Achtkant der M\u00fchle aufgeschnitten und gew\u00e4hren einen Blick in das Innere der M\u00fchle.<br \/>\nWeit hin sichtbares Erkennungsmerkmal und wohl auch einer der wichtigsten Bauteile einer Windm\u00fchle sind die Fl\u00fcgel. Die Fl\u00fcgel einer Windm\u00fchle richtig in den Wind gedreht, setzen sie die Energie des Windes in eine Drehbewegung um.<\/p>\n<p style=\"text-align: justify;\">Diese drehende Kraft wird auf die Fl\u00fcgelwelle \u00fcbertragen. Auf dieser Achse befindet sich das Kammrad (ein &#8218;Zahnrad&#8216; mit einseitig angebrachten &#8218;Z\u00e4hnen&#8216;). Dieses Kammrad \u00fcbertr\u00e4gt die drehende Bewegung wiederum auf den Bunkler, welcher am oberen Ende der K\u00f6nigswelle, der Hauptantriebswelle inmitten der M\u00fchle, sitzt. Am anderen Ende der K\u00f6nigswelle befindet sich das Stirnrad (ein &#8218;Zahnrad&#8216; mit au\u00dfen angebrachten &#8218;Z\u00e4hnen&#8216;, dessen &#8218;Z\u00e4hne&#8216; in das Korbrad greifen. Von dort wird die Antriebsspindel angetrieben, welche letztendlich den Mahl-, bzw. Peldegang antreibt.<\/p>\n<p style=\"text-align: justify;\">Die Klaahsensche M\u00fchle ist ein Galerieholl\u00e4nder. Dieser M\u00fchlentyp ist wohl der in Ostfriesland am meisten verbreitete. Bei den Holl\u00e4nderm\u00fchlen unterscheidet man zwischen den Erdholl\u00e4ndern, wie die bekannte M\u00fchle in Werdum oder die M\u00fchle von Johannes Evers in unserem Nachbarort Utarp, und dem Galerieholl\u00e4nder. Erdholl\u00e4nder sind in ihrer Bauweise deutlich kleiner. Diese M\u00fchlen verf\u00fcgen nicht \u00fcber eine Galerie. Die Fl\u00fcgel eines Erdholl\u00e4nders reichen fast bis zum Erdboden.<\/p>\n<p style=\"text-align: justify;\">M\u00fchlen die eines gr\u00f6\u00dferen Innenraumes bedurften, um zum Beispiel mehrere Mahlg\u00e4nge, sowie Speicher- und Lagerb\u00f6den zu beherbergen, oder aber um durch die h\u00f6here Bauweise besseren Wind zu erreichen, wurden als Galerieholl\u00e4nder errichtet. Dieses waren insbesondere die Getreidem\u00fchlen.<\/p>\n<p style=\"text-align: justify;\">Markant an einer Holl\u00e4nderm\u00fchle ist die drehbare Kappe. Die \u00e4ltesten M\u00fchlen dieser Art stammen aus dem 18. Jahrhundert.<\/p>\n<hr \/>\n<h2><a href=\"http:\/\/muehle-schweindorf.holtriem-news.de\/wp-content\/uploads\/2014\/11\/plan_kap.jpg\"><img loading=\"lazy\" decoding=\"async\" class=\"alignleft wp-image-115 size-full\" src=\"http:\/\/muehle-schweindorf.holtriem-news.de\/wp-content\/uploads\/2014\/11\/plan_kap.jpg\" alt=\"Zeichnung\" width=\"400\" height=\"286\" srcset=\"https:\/\/muehle-schweindorf.holtriem-news.de\/wp-content\/uploads\/2014\/11\/plan_kap.jpg 400w, https:\/\/muehle-schweindorf.holtriem-news.de\/wp-content\/uploads\/2014\/11\/plan_kap-300x214.jpg 300w, https:\/\/muehle-schweindorf.holtriem-news.de\/wp-content\/uploads\/2014\/11\/plan_kap-209x150.jpg 209w, https:\/\/muehle-schweindorf.holtriem-news.de\/wp-content\/uploads\/2014\/11\/plan_kap-150x107.jpg 150w\" sizes=\"(max-width: 400px) 100vw, 400px\" \/><\/a>Die Bauzeichnung einer M\u00fchlenkappe<\/h2>\n<p style=\"text-align: justify;\">Auf dieser Zeichnung sind deutlich die Fl\u00fcgelwelle mit dem Kammrad und dem Fl\u00fcgelkreuz zu erkennen.<\/p>\n<p style=\"text-align: justify;\">\u00dcber eine Stange die nach hinten aus der Kappe herausragt werden die Fl\u00fcgel gebremst.<\/p>\n<hr \/>\n<p style=\"text-align: justify;\">Ein Galerieholl\u00e4nder wie die Klaashensche M\u00fchle besteht aus drei Hauptteilen: dem Unterbau mit der Galerie, dem Achtkant und der Kappe. Der Unterbau wurde in Ostfriesland zumeist in Form eines Achtecks mit Ziegelsteinen gemauert. Die umlaufende Galerie dient dem M\u00fcller als Arbeitsplattform, um die Fl\u00fcgel mit entsprechenden Segeln zu versehen, bzw. die Jalousien der Fl\u00fcgel zu schlie\u00dfen\/zu \u00f6ffnen und um die Bremse zu bet\u00e4tigen. M\u00fchlen, die mit einem &#8218;Steert&#8216; ausger\u00fcstet sind, werden vom M\u00fcller per Hand in den Wind gedreht. Auch diesen &#8218;Steert&#8216; erreicht der M\u00fcller \u00fcber die Galerie.<\/p>\n<p style=\"text-align: justify;\">\u00dcber dem Unterbau erhebt sich der Achtkant. Dieser wurde aus Holz gefertigt und zumeist mit Reith oder Holz mit Teerpappe eingedeckt. Auf dem Achtkant befindet sich die drehbare Kappe. Diese nimmt die Fl\u00fcgelwelle mit dem Fl\u00fcgelkreuz auf. Die Kappe wurde fr\u00fcher \u00fcber einen sogenannten &#8218;Steert&#8216; gedreht, wie auch unsere M\u00fchle in Schweindorf. Dieses erforderte jedoch immer die Handarbeit des M\u00fcllers und so wurden ab Mitte des 19. Jahrhunderts immer \u00f6fter M\u00fchlen mit Windrosen gebaut. Damit wurde die Kappe immer automatisch der richtigen Windrichtung angepasst.<\/p>\n<p style=\"text-align: justify;\">\n","protected":false},"excerpt":{"rendered":"<p>So arbeitet unsere M\u00fchle Um die Funktion unserer M\u00fchle zu erkl\u00e4ren, haben wird den Achtkant der M\u00fchle aufgeschnitten und gew\u00e4hren einen Blick in das Innere der M\u00fchle. Weit hin sichtbares\u2026<\/p>\n<p> <a class=\"continue-reading-link\" href=\"https:\/\/muehle-schweindorf.holtriem-news.de\/?page_id=113\"><span>Weiterlesen<\/span><i class=\"crycon-right-dir\"><\/i><\/a> <\/p>\n","protected":false},"author":1,"featured_media":0,"parent":18,"menu_order":3,"comment_status":"open","ping_status":"open","template":"","meta":{"footnotes":""},"_links":{"self":[{"href":"https:\/\/muehle-schweindorf.holtriem-news.de\/index.php?rest_route=\/wp\/v2\/pages\/113"}],"collection":[{"href":"https:\/\/muehle-schweindorf.holtriem-news.de\/index.php?rest_route=\/wp\/v2\/pages"}],"about":[{"href":"https:\/\/muehle-schweindorf.holtriem-news.de\/index.php?rest_route=\/wp\/v2\/types\/page"}],"author":[{"embeddable":true,"href":"https:\/\/muehle-schweindorf.holtriem-news.de\/index.php?rest_route=\/wp\/v2\/users\/1"}],"replies":[{"embeddable":true,"href":"https:\/\/muehle-schweindorf.holtriem-news.de\/index.php?rest_route=%2Fwp%2Fv2%2Fcomments&post=113"}],"version-history":[{"count":1,"href":"https:\/\/muehle-schweindorf.holtriem-news.de\/index.php?rest_route=\/wp\/v2\/pages\/113\/revisions"}],"predecessor-version":[{"id":116,"href":"https:\/\/muehle-schweindorf.holtriem-news.de\/index.php?rest_route=\/wp\/v2\/pages\/113\/revisions\/116"}],"up":[{"embeddable":true,"href":"https:\/\/muehle-schweindorf.holtriem-news.de\/index.php?rest_route=\/wp\/v2\/pages\/18"}],"wp:attachment":[{"href":"https:\/\/muehle-schweindorf.holtriem-news.de\/index.php?rest_route=%2Fwp%2Fv2%2Fmedia&parent=113"}],"curies":[{"name":"wp","href":"https:\/\/api.w.org\/{rel}","templated":true}]}}